{"id":370,"date":"2020-02-19T17:02:50","date_gmt":"2020-02-19T16:02:50","guid":{"rendered":"https:\/\/dziedzic.sanok.pl\/sala\/?page_id=370"},"modified":"2020-03-03T11:42:29","modified_gmt":"2020-03-03T10:42:29","slug":"oferta","status":"publish","type":"page","link":"http:\/\/dziedzic.sanok.pl\/sala\/oferta\/","title":{"rendered":"Oferta"},"content":{"rendered":"ngg_shortcode_0_placeholder\n<p>&nbsp;<\/p>\n<p><strong>UDOGODNIENIA<\/strong><\/p>\n<ul>\n<li>klimatyzacja<\/li>\n<li>parking (na 10 lub wi\u0119cej samochod\u00f3w)<\/li>\n<li>noclegi dla go\u015bci<\/li>\n<\/ul>\n<p><strong>SALA<\/strong><\/p>\n<p>250 &#8211;&nbsp;LICZBA MIEJSC<\/p>\n<p><strong>CENA OBEJMUJE<\/strong><\/p>\n<ul>\n<li>5 gor\u0105cych da\u0144<\/li>\n<li>przek\u0105ski<\/li>\n<li>ciasta<\/li>\n<li>tort<\/li>\n<li>owoce<\/li>\n<\/ul>\n<h1 style=\"font-size: 2em; margin-bottom: 1em;\">Dost\u0119pne jest te\u017c auto do wynaj\u0119cia na wesela! Marki: <strong>BMW X5 F15<\/strong><\/h1>\n\n\n<figure class=\"wp-block-gallery columns-2 is-cropped\"><ul class=\"blocks-gallery-grid\"><li class=\"blocks-gallery-item\"><figure><img loading=\"lazy\" width=\"900\" height=\"576\" src=\"https:\/\/dziedzic.sanok.pl\/sala\/wp-content\/uploads\/2020\/03\/11-2.jpg\" alt=\"\" data-id=\"381\" data-full-url=\"https:\/\/dziedzic.sanok.pl\/sala\/wp-content\/uploads\/2020\/03\/11-2.jpg\" data-link=\"https:\/\/dziedzic.sanok.pl\/sala\/oferta\/11-2\/\" class=\"wp-image-381\" srcset=\"http:\/\/dziedzic.sanok.pl\/sala\/wp-content\/uploads\/2020\/03\/11-2.jpg 900w, http:\/\/dziedzic.sanok.pl\/sala\/wp-content\/uploads\/2020\/03\/11-2-300x192.jpg 300w, http:\/\/dziedzic.sanok.pl\/sala\/wp-content\/uploads\/2020\/03\/11-2-768x492.jpg 768w\" sizes=\"(max-width: 900px) 100vw, 900px\" \/><\/figure><\/li><li class=\"blocks-gallery-item\"><figure><img loading=\"lazy\" width=\"900\" height=\"572\" src=\"https:\/\/dziedzic.sanok.pl\/sala\/wp-content\/uploads\/2020\/03\/22-2.jpg\" alt=\"\" data-id=\"382\" data-full-url=\"https:\/\/dziedzic.sanok.pl\/sala\/wp-content\/uploads\/2020\/03\/22-2.jpg\" data-link=\"https:\/\/dziedzic.sanok.pl\/sala\/oferta\/22-2\/\" class=\"wp-image-382\" srcset=\"http:\/\/dziedzic.sanok.pl\/sala\/wp-content\/uploads\/2020\/03\/22-2.jpg 900w, http:\/\/dziedzic.sanok.pl\/sala\/wp-content\/uploads\/2020\/03\/22-2-300x191.jpg 300w, http:\/\/dziedzic.sanok.pl\/sala\/wp-content\/uploads\/2020\/03\/22-2-768x488.jpg 768w\" sizes=\"(max-width: 900px) 100vw, 900px\" \/><\/figure><\/li><\/ul><\/figure>\n\n\n","protected":false},"excerpt":{"rendered":"<p>&nbsp; UDOGODNIENIA klimatyzacja parking (na 10 lub wi\u0119cej samochod\u00f3w) noclegi dla go\u015bci SALA 250 &#8211;&nbsp;LICZBA MIEJSC CENA OBEJMUJE 5 gor\u0105cych [&hellip;]<\/p>\n","protected":false},"author":1,"featured_media":0,"parent":0,"menu_order":0,"comment_status":"closed","ping_status":"closed","template":"","meta":{"_exactmetrics_skip_tracking":false,"_exactmetrics_sitenote_active":false,"_exactmetrics_sitenote_note":"","_exactmetrics_sitenote_category":0,"ngg_post_thumbnail":0},"_links":{"self":[{"href":"http:\/\/dziedzic.sanok.pl\/sala\/wp-json\/wp\/v2\/pages\/370"}],"collection":[{"href":"http:\/\/dziedzic.sanok.pl\/sala\/wp-json\/wp\/v2\/pages"}],"about":[{"href":"http:\/\/dziedzic.sanok.pl\/sala\/wp-json\/wp\/v2\/types\/page"}],"author":[{"embeddable":true,"href":"http:\/\/dziedzic.sanok.pl\/sala\/wp-json\/wp\/v2\/users\/1"}],"replies":[{"embeddable":true,"href":"http:\/\/dziedzic.sanok.pl\/sala\/wp-json\/wp\/v2\/comments?post=370"}],"version-history":[{"count":4,"href":"http:\/\/dziedzic.sanok.pl\/sala\/wp-json\/wp\/v2\/pages\/370\/revisions"}],"predecessor-version":[{"id":390,"href":"http:\/\/dziedzic.sanok.pl\/sala\/wp-json\/wp\/v2\/pages\/370\/revisions\/390"}],"wp:attachment":[{"href":"http:\/\/dziedzic.sanok.pl\/sala\/wp-json\/wp\/v2\/media?parent=370"}],"curies":[{"name":"wp","href":"https:\/\/api.w.org\/{rel}","templated":true}]}}