{"id":51,"date":"2017-06-08T14:25:08","date_gmt":"2017-06-08T12:25:08","guid":{"rendered":"http:\/\/cukiernia.tos1.pl\/?page_id=51"},"modified":"2017-07-28T17:25:34","modified_gmt":"2017-07-28T15:25:34","slug":"chrzciny","status":"publish","type":"page","link":"http:\/\/dziedzic.sanok.pl\/sala\/chrzciny\/","title":{"rendered":"Chrzciny"},"content":{"rendered":"<p>Chrzciny oraz Komunia \u015awi\u0119ta s\u0105 bardzo wa\u017cnymi wydarzeniami zar\u00f3wno w \u017cyciu dziecka jak i jego rodzic\u00f3w, zobowi\u0105zuj\u0105ce do odpowiednio starannej oprawy. S\u0105 to wyj\u0105tkowe okazje, aby sp\u0119dzi\u0107 ten czas w rodzinnym gronie.<\/p>\n<p>Wychodz\u0105c naprzeciw Pa\u0144stwa oczekiwaniom oferujemy wyborne menu oraz eleganck\u0105 opraw\u0119 uroczysto\u015bci na wysokim poziomie w mi\u0142ej rodzinnej atmosferze.To wszystko sprawi, \u017ce jedno z wa\u017cniejszych wydarze\u0144 w \u017cyciu Waszej Pociechy, pozostawi po sobie niezapomniane wra\u017cenia, a Go\u015bcie poczuj\u0105 si\u0119 u nas naprawd\u0119 wyj\u0105tkowo&#8230;<\/p>\n<p>Zapraszamy do zapoznania si\u0119 z nasza oferta.<\/p>\n","protected":false},"excerpt":{"rendered":"<p>Chrzciny oraz Komunia \u015awi\u0119ta s\u0105 bardzo wa\u017cnymi wydarzeniami zar\u00f3wno w \u017cyciu dziecka jak i jego rodzic\u00f3w, zobowi\u0105zuj\u0105ce do odpowiednio starannej [&hellip;]<\/p>\n","protected":false},"author":1,"featured_media":0,"parent":0,"menu_order":0,"comment_status":"closed","ping_status":"closed","template":"page-templates\/sala.php","meta":{"_exactmetrics_skip_tracking":false,"_exactmetrics_sitenote_active":false,"_exactmetrics_sitenote_note":"","_exactmetrics_sitenote_category":0,"ngg_post_thumbnail":0},"_links":{"self":[{"href":"http:\/\/dziedzic.sanok.pl\/sala\/wp-json\/wp\/v2\/pages\/51"}],"collection":[{"href":"http:\/\/dziedzic.sanok.pl\/sala\/wp-json\/wp\/v2\/pages"}],"about":[{"href":"http:\/\/dziedzic.sanok.pl\/sala\/wp-json\/wp\/v2\/types\/page"}],"author":[{"embeddable":true,"href":"http:\/\/dziedzic.sanok.pl\/sala\/wp-json\/wp\/v2\/users\/1"}],"replies":[{"embeddable":true,"href":"http:\/\/dziedzic.sanok.pl\/sala\/wp-json\/wp\/v2\/comments?post=51"}],"version-history":[{"count":2,"href":"http:\/\/dziedzic.sanok.pl\/sala\/wp-json\/wp\/v2\/pages\/51\/revisions"}],"predecessor-version":[{"id":186,"href":"http:\/\/dziedzic.sanok.pl\/sala\/wp-json\/wp\/v2\/pages\/51\/revisions\/186"}],"wp:attachment":[{"href":"http:\/\/dziedzic.sanok.pl\/sala\/wp-json\/wp\/v2\/media?parent=51"}],"curies":[{"name":"wp","href":"https:\/\/api.w.org\/{rel}","templated":true}]}}